{"id":883,"date":"2018-11-27T10:43:06","date_gmt":"2018-11-27T09:43:06","guid":{"rendered":"https:\/\/www.strike.co.at\/felixneu\/?page_id=883"},"modified":"2018-12-05T12:53:01","modified_gmt":"2018-12-05T11:53:01","slug":"impress","status":"publish","type":"page","link":"https:\/\/www.hotel-sommer.at\/felix\/impress\/?lang=en","title":{"rendered":"IMPRESS"},"content":{"rendered":"<p>[vc_row css=&#8221;.vc_custom_1542625391926{margin-top: 0px !important;padding-top: 0px !important;}&#8221;][vc_column][vc_custom_heading text=&#8221;IMPRESS&#8221; font_container=&#8221;tag:h3|text_align:left&#8221; use_theme_fonts=&#8221;yes&#8221; css=&#8221;.vc_custom_1543311779430{margin-top: 0px !important;border-top-width: 0px !important;}&#8221;][vc_empty_space height=&#8221;5px&#8221;][vc_custom_heading text=&#8221;Legal&#8221; font_container=&#8221;tag:h4|text_align:left&#8221; use_theme_fonts=&#8221;yes&#8221;][vc_empty_space height=&#8221;22px&#8221;]<style type=\"text\/css\" >#l_o51c7lmkm95cv119682j.sc_line ,#l_o51c7lmkm95cv119682j .sc_line { height:1px; background:#d1d1d1;}#l_o51c7lmkm95cv119682j.sc_line ,#l_o51c7lmkm95cv119682j .sc_line{margin-left:auto!important; margin-right:auto!important;}#l_o51c7lmkm95cv119682j {margin:0px 0 0px 0; padding:0;}<\/style><div class=\"clearfix\"><\/div><div id=\"l_o51c7lmkm95cv119682j\"  class=\"sc_line rd_line_normal\" ><\/div>[\/vc_column][\/vc_row][vc_row el_class=&#8221;flex-row&#8221;][vc_column width=&#8221;1\/4&#8243; el_class=&#8221;order-two&#8221;][vc_single_image image=&#8221;671&#8243; img_size=&#8221;full&#8221; onclick=&#8221;link_image&#8221; css=&#8221;.vc_custom_1544010776211{border-top-width: 6px !important;border-right-width: 6px !important;border-bottom-width: 6px !important;border-left-width: 6px !important;border-left-color: #ffffff !important;border-left-style: solid !important;border-right-color: #ffffff !important;border-right-style: solid !important;border-top-color: #ffffff !important;border-top-style: solid !important;border-bottom-color: #ffffff !important;border-bottom-style: solid !important;}&#8221;][vc_row_inner][vc_column_inner width=&#8221;1\/3&#8243;][vc_single_image image=&#8221;674&#8243; img_size=&#8221;full&#8221; onclick=&#8221;link_image&#8221; css=&#8221;.vc_custom_1543221471064{border-top-width: 6px !important;border-right-width: 6px !important;border-bottom-width: 6px !important;border-left-width: 6px !important;border-left-color: #ffffff !important;border-left-style: solid !important;border-right-color: #ffffff !important;border-right-style: solid !important;border-top-color: #ffffff !important;border-top-style: solid !important;border-bottom-color: #ffffff !important;border-bottom-style: solid !important;}&#8221;][\/vc_column_inner][vc_column_inner width=&#8221;1\/3&#8243;][vc_single_image image=&#8221;672&#8243; img_size=&#8221;full&#8221; onclick=&#8221;link_image&#8221; css=&#8221;.vc_custom_1543221486030{border-top-width: 6px !important;border-right-width: 6px !important;border-bottom-width: 6px !important;border-left-width: 6px !important;border-left-color: #ffffff !important;border-left-style: solid !important;border-right-color: #ffffff !important;border-right-style: solid !important;border-top-color: #ffffff !important;border-top-style: solid !important;border-bottom-color: #ffffff !important;border-bottom-style: solid !important;}&#8221;][\/vc_column_inner][\/vc_row_inner][\/vc_column][vc_column width=&#8221;3\/4&#8243; el_class=&#8221;order-one&#8221;][vc_column_text]<strong>Sommer Felix GmbH<\/strong><br \/>\nHauptstrasse 112<br \/>\nA-2214 Auersthal<br \/>\nTel: +43 (0)2288-2253-0<br \/>\nUID Nr: ATU17851901<br \/>\nFN: 68580D &#8211; FB Gericht Landesgericht Korneuburg<\/p>\n<p><a href=\"mailto:office@hotel-sommer.at\">office@hotel-sommer.at<\/a><\/p>\n<p>Mitglied der Wirtschaftskammer Nieder\u00f6sterreich<\/p>\n<p>F\u00fcr den Inhalt verantwortlich: Sommer Felix GmbH<\/p>\n<p>Gastgewerbe, Kafferestaurant, Hotel<\/p>\n<p><strong>Haftungshinweis<\/strong><\/p>\n<p>Trotz sorgf\u00e4ltiger inhaltlicher Kontrolle \u00fcbernehme ich keine Haftung f\u00fcr die Inhalte externer Links. F\u00fcr den Inhalt der verlinkten Seiten sind ausschlie\u00dflich deren Betreiber verantwortlich.<\/p>\n<p><strong>Google Analytics<\/strong><\/p>\n<p>Diese Website benutzt Google Analytics, einen Webanalysedienst der Google Inc. (\u201eGoogle\u201c). Google Analytics ver\u00adwendet sog. \u201eCookies\u201c, Textdateien, die auf Ihrem Computer gespei\u00adchert werden und die eine Analyse der Benutzung der Website durch Sie erm\u00f6g\u00adlicht. Die durch den Cookie erzeugten Informationen \u00fcber Ihre Benutzung dieser Website (ein\u00adschlie\u00df\u00adlich Ihrer IP-Adresse) wird an einen Server von Google in den USA \u00fcber\u00adtragen und dort gespei\u00adchert. Google wird diese Informationen benutzen, um Ihre Nutzung der Website aus\u00adzu\u00adwerten, um Reports \u00fcber die Websiteaktivit\u00e4ten f\u00fcr die Websitebetreiber zusam\u00admen\u00adzu\u00adstellen und um wei\u00adtere mit der Websitenutzung und der Internetnutzung ver\u00adbun\u00addene Dienstleistungen zu erbringen. Auch wird Google diese Informationen gege\u00adbe\u00adnen\u00adfalls an Dritte \u00fcber\u00adtragen, sofern dies gesetz\u00adlich vor\u00adge\u00adschrieben oder soweit Dritte diese Daten im Auftrag von Google ver\u00adar\u00adbeiten. Google wird in keinem Fall Ihre IP-Adresse mit anderen Daten, die von Google gespei\u00adchert werden, in Verbindung bringen. Sie k\u00f6nnen die Installation der Cookies durch eine ent\u00adspre\u00adchende Einstellung Ihrer Browser Software ver\u00adhin\u00addern; wir weisen Sie jedoch darauf hin, dass Sie in diesem Fall gege\u00adbe\u00adnen\u00adfalls nicht s\u00e4mt\u00adliche Funktionen dieser Website voll umf\u00e4ng\u00adlich nutzen k\u00f6nnen. Durch die Nutzung dieser Website erkl\u00e4ren Sie sich mit der Bearbeitung der \u00fcber Sie erho\u00adbenen Daten durch Google in der zuvor beschrie\u00adbenen Art und Weise und zu dem zuvor benannten Zweck einverstanden.[\/vc_column_text][\/vc_column][\/vc_row]<\/p>\n","protected":false},"excerpt":{"rendered":"<p>[vc_row css=&#8221;.vc_custom_1542625391926{margin-top: 0px !important;padding-top: 0px !important;}&#8221;][vc_column][vc_custom_heading text=&#8221;IMPRESS&#8221; font_container=&#8221;tag:h3|text_align:left&#8221; use_theme_fonts=&#8221;yes&#8221; css=&#8221;.vc_custom_1543311779430{margin-top: 0px !important;border-top-width: 0px !important;}&#8221;][vc_empty_space height=&#8221;5px&#8221;][vc_custom_heading text=&#8221;Legal&#8221; font_container=&#8221;tag:h4|text_align:left&#8221; use_theme_fonts=&#8221;yes&#8221;][vc_empty_space height=&#8221;22px&#8221;][\/vc_column][\/vc_row][vc_row el_class=&#8221;flex-row&#8221;][vc_column width=&#8221;1\/4&#8243; el_class=&#8221;order-two&#8221;][vc_single_image image=&#8221;671&#8243; img_size=&#8221;full&#8221; onclick=&#8221;link_image&#8221; css=&#8221;.vc_custom_1544010776211{border-top-width: 6px !important;border-right-width: 6px !important;border-bottom-width: 6px !important;border-left-width: 6px !important;border-left-color: #ffffff !important;border-left-style: solid !important;border-right-color: #ffffff !important;border-right-style: solid !important;border-top-color: #ffffff !important;border-top-style: solid !important;border-bottom-color: #ffffff !important;border-bottom-style: solid !important;}&#8221;][vc_row_inner][vc_column_inner width=&#8221;1\/3&#8243;][vc_single_image image=&#8221;674&#8243; img_size=&#8221;full&#8221; onclick=&#8221;link_image&#8221; css=&#8221;.vc_custom_1543221471064{border-top-width:<br \/><a href=\"https:\/\/www.hotel-sommer.at\/felix\/impress\/?lang=en\" class=\"more\">Read more<\/a><\/p>\n","protected":false},"author":1,"featured_media":0,"parent":0,"menu_order":0,"comment_status":"closed","ping_status":"closed","template":"","meta":[],"_links":{"self":[{"href":"https:\/\/www.hotel-sommer.at\/felix\/wp-json\/wp\/v2\/pages\/883\/?lang=en"}],"collection":[{"href":"https:\/\/www.hotel-sommer.at\/felix\/wp-json\/wp\/v2\/pages\/?lang=en"}],"about":[{"href":"https:\/\/www.hotel-sommer.at\/felix\/wp-json\/wp\/v2\/types\/page\/?lang=en"}],"author":[{"embeddable":true,"href":"https:\/\/www.hotel-sommer.at\/felix\/wp-json\/wp\/v2\/users\/1\/?lang=en"}],"replies":[{"embeddable":true,"href":"https:\/\/www.hotel-sommer.at\/felix\/wp-json\/wp\/v2\/comments\/?lang=en&post=883"}],"version-history":[{"count":2,"href":"https:\/\/www.hotel-sommer.at\/felix\/wp-json\/wp\/v2\/pages\/883\/revisions\/?lang=en"}],"predecessor-version":[{"id":1093,"href":"https:\/\/www.hotel-sommer.at\/felix\/wp-json\/wp\/v2\/pages\/883\/revisions\/1093\/?lang=en"}],"wp:attachment":[{"href":"https:\/\/www.hotel-sommer.at\/felix\/wp-json\/wp\/v2\/media\/?lang=en&parent=883"}],"curies":[{"name":"wp","href":"https:\/\/api.w.org\/{rel}","templated":true}]}}