{"id":868,"date":"2018-11-27T10:14:12","date_gmt":"2018-11-27T09:14:12","guid":{"rendered":"https:\/\/www.strike.co.at\/felixneu\/?page_id=868"},"modified":"2020-06-22T20:55:50","modified_gmt":"2020-06-22T18:55:50","slug":"contact","status":"publish","type":"page","link":"https:\/\/www.hotel-sommer.at\/felix\/contact\/?lang=en","title":{"rendered":"CONTACT &#038; OPENING HOURS"},"content":{"rendered":"<p>[vc_row css=&#8221;.vc_custom_1542625391926{margin-top: 0px !important;padding-top: 0px !important;}&#8221;][vc_column][vc_custom_heading text=&#8221;CONTACT &amp; OPENINGHOURS&#8221; font_container=&#8221;tag:h3|text_align:left&#8221; use_theme_fonts=&#8221;yes&#8221; css=&#8221;.vc_custom_1543311620899{margin-top: 0px !important;border-top-width: 0px !important;}&#8221;][vc_empty_space height=&#8221;5px&#8221;][vc_custom_heading text=&#8221;Contact&#8221; font_container=&#8221;tag:h4|text_align:left&#8221; use_theme_fonts=&#8221;yes&#8221;][vc_empty_space height=&#8221;22px&#8221;]<style type=\"text\/css\" >#l_bendyf19s6ydoi30g6p7.sc_line ,#l_bendyf19s6ydoi30g6p7 .sc_line { height:1px; background:#d1d1d1;}#l_bendyf19s6ydoi30g6p7.sc_line ,#l_bendyf19s6ydoi30g6p7 .sc_line{margin-left:auto!important; margin-right:auto!important;}#l_bendyf19s6ydoi30g6p7 {margin:0px 0 0px 0; padding:0;}<\/style><div class=\"clearfix\"><\/div><div id=\"l_bendyf19s6ydoi30g6p7\"  class=\"sc_line rd_line_normal\" ><\/div>[\/vc_column][\/vc_row][vc_row el_class=&#8221;flex-row&#8221;][vc_column width=&#8221;1\/4&#8243; offset=&#8221;vc_col-xs-12&#8243; el_class=&#8221;order-two&#8221;][vc_single_image image=&#8221;973&#8243; img_size=&#8221;full&#8221; alignment=&#8221;center&#8221; onclick=&#8221;link_image&#8221; css=&#8221;.vc_custom_1544010517672{border-top-width: 6px !important;border-right-width: 6px !important;border-bottom-width: 6px !important;border-left-width: 6px !important;border-left-color: #ffffff !important;border-left-style: solid !important;border-right-color: #ffffff !important;border-right-style: solid !important;border-top-color: #ffffff !important;border-top-style: solid !important;border-bottom-color: #ffffff !important;border-bottom-style: solid !important;}&#8221;][vc_row_inner][vc_column_inner width=&#8221;1\/3&#8243;][vc_single_image image=&#8221;674&#8243; img_size=&#8221;full&#8221; alignment=&#8221;center&#8221; onclick=&#8221;link_image&#8221; css=&#8221;.vc_custom_1543221422223{border-top-width: 6px !important;border-right-width: 6px !important;border-bottom-width: 6px !important;border-left-width: 6px !important;border-left-color: #ffffff !important;border-left-style: solid !important;border-right-color: #ffffff !important;border-right-style: solid !important;border-top-color: #ffffff !important;border-top-style: solid !important;border-bottom-color: #ffffff !important;border-bottom-style: solid !important;}&#8221;][\/vc_column_inner][vc_column_inner width=&#8221;1\/3&#8243;][vc_single_image image=&#8221;672&#8243; img_size=&#8221;full&#8221; alignment=&#8221;center&#8221; onclick=&#8221;link_image&#8221; css=&#8221;.vc_custom_1543217995069{border-top-width: 4px !important;border-right-width: 4px !important;border-bottom-width: 4px !important;border-left-width: 4px !important;border-left-color: #ffffff !important;border-left-style: solid !important;border-right-color: #ffffff !important;border-right-style: solid !important;border-top-color: #ffffff !important;border-top-style: solid !important;border-bottom-color: #ffffff !important;border-bottom-style: solid !important;}&#8221;][\/vc_column_inner][vc_column_inner width=&#8221;1\/3&#8243;][vc_single_image image=&#8221;670&#8243; img_size=&#8221;full&#8221; alignment=&#8221;center&#8221; onclick=&#8221;link_image&#8221; css=&#8221;.vc_custom_1543221433958{border-top-width: 6px !important;border-right-width: 6px !important;border-bottom-width: 6px !important;border-left-width: 6px !important;border-left-color: #ffffff !important;border-left-style: solid !important;border-right-color: #ffffff !important;border-right-style: solid !important;border-top-color: #ffffff !important;border-top-style: solid !important;border-bottom-color: #ffffff !important;border-bottom-style: solid !important;}&#8221;][\/vc_column_inner][\/vc_row_inner][\/vc_column][vc_column width=&#8221;3\/4&#8243; el_class=&#8221;order-one&#8221;][vc_column_text]<\/p>\n<div class=\"content\">\n<div class=\"field field-name-body field-type-text-with-summary field-label-hidden\">\n<div class=\"field-items\">\n<div class=\"field-item even\">\n<h3>Unsere Kontaktdetails<\/h3>\n<div class=\"content\">\n<div id=\"kontaktfelix\">\n<p><b>Hotel-Restaurant-Vinothek Sommer Felix<\/b><br \/>\nHauptstrasse 112<br \/>\nA-2214 Auersthal<br \/>\nTel: +43 (0)2288-2253-0<br \/>\n<a href=\"mailto:office@hotel-sommer.at\">office@hotel-sommer.at<\/a><\/p>\n<p><b>\u00d6ffnungszeiten:\u00a0<\/b><br \/>\nMo &#8211; Mi ab 06:00 Uhr,<br \/>\nDo ist Ruhetag (Kaffeehausbetrieb mit Fr\u00fchst\u00fcck t\u00e4glich bis 10:00 Uhr)<br \/>\nFr \u2013 So und Feiertage ab 06:00 Uhr<\/p>\n<p>Warme K\u00fcche: 11.00 &#8211; 14.00 Uhr und 17:30 &#8211; 21.00 Uhr<\/p>\n<p>Das Hotel mit Fr\u00fchst\u00fcck (nicht nur f\u00fcr Hotelg\u00e4ste, t\u00e4glich von 06:00 \u2013 10:00 Uhr) ist ganzj\u00e4hrig in Betrieb<\/p>\n<p>Sie k\u00f6nnen uns auch ohne Probleme mit dem Zug<br \/>\n(Station Auersthal) oder den diversen Post Bus<br \/>\nHaltestellen erreichen<br \/>\n<a href=\"http:\/\/www.oebb.at\/\">\u00d6BB.at<\/a><\/p>\n<h3>Design &amp; Umsetzung<\/h3>\n<p>strike.<br \/>\n<a href=\"http:\/\/www.strike.co.at\" target=\"_blank\" rel=\"noopener noreferrer\">www.strike.co.at<\/a><br \/>\nDESIGN | WEB | MARKETING<\/p>\n<\/div>\n<\/div>\n<\/div>\n<\/div>\n<\/div>\n<div class=\"field field-name-field-bilder field-type-image field-label-hidden inner-galerie\">\n<div class=\"field-items\"><\/div>\n<\/div>\n<\/div>\n<footer><\/footer>\n<p>[\/vc_column_text][vc_custom_heading text=&#8221;Hier sind wir zuhause&#8221; font_container=&#8221;tag:h3|text_align:left&#8221; use_theme_fonts=&#8221;yes&#8221;][vc_empty_space]\n\n<script type=\"text\/javascript\">\n\n\"use strict\";\nfunction initializeec6rh() {\n\nvar latlng = new google.maps.LatLng(48.372630 , 16.640910);\n\nvar grayStyles = [\n        {\n          featureType: \"all\",\n          stylers: [\n            { saturation: -10 },\n            { lightness: 10 }\n          ]\n        },\n      ];\n\nvar optionsec6rh = {\n\ncenter : latlng,\n\nscrollwheel :  false,\n\n\nmapTypeId: google.maps.MapTypeId.ROADMAP,\n\nzoomControl : true,\n\nstyles: grayStyles,\n\nzoomControlOptions :\n\n{\n\nstyle: google.maps.ZoomControlStyle.SMALL,\n\nposition: google.maps.ControlPosition.TOP_LEFT\n\n},\n\nmapTypeControl : true,\n\nmapTypeControlOptions :\n\n{\n\nstyle: google.maps.MapTypeControlStyle.HORIZONTAL_BAR,\n\nposition: google.maps.ControlPosition.TOP_RIGHT\n\n},\n\nscaleControl : true,\n\nscaleControlOptions :\n\n{\n\nposition: google.maps.ControlPosition.TOP_LEFT\n\n},\n\nstreetViewControl : true,\n\nstreetViewControlOptions :\n\n{\n\nposition: google.maps.ControlPosition.TOP_LEFT\n\n},\n\npanControl : false,  zoom : 12\n\n};\n\nvar mapec6rh = new google.maps.Map(document.getElementById(\"gm_ec6rh\"), optionsec6rh);\n\nvar marker = new google.maps.Marker({\n\nposition: latlng,\n\n\nmap: mapec6rh,\n\ntitle:\"our headquarters\"\n\n});\n\n}\n\njQuery(document).ready(function () {\n   initializeec6rh();\n\n    jQuery(\".tabs-wrapper ul.tabs li\").click(function (e) {\n\tsetTimeout(function(){\n\tgoogle.maps.event.trigger(window, 'resize', {});},400);\n\t});\n\n    jQuery(\".tabs-wrapper ul.tabs li a\").click(function (e) {\n\tsetTimeout(function(){\n\tgoogle.maps.event.trigger(window, 'resize', {});},400);\n\t});\n\n\n\tjQuery('.wpb_accordion_section h3 > a').click(function(){\n\tsetTimeout(function(){\n\tgoogle.maps.event.trigger(window, 'resize', {});},400);\n\t});\n\n\n\n})\n<\/script>\n<div class=\"map_canvas_body\">\n<div id=\"gm_ec6rh\" class=\"map_canvas\" style=\"height:400px;\"><\/div>\n<\/div>\n\n[vc_empty_space][\/vc_column][\/vc_row]<\/p>\n","protected":false},"excerpt":{"rendered":"<p>[vc_row css=&#8221;.vc_custom_1542625391926{margin-top: 0px !important;padding-top: 0px !important;}&#8221;][vc_column][vc_custom_heading text=&#8221;CONTACT &amp; OPENINGHOURS&#8221; font_container=&#8221;tag:h3|text_align:left&#8221; use_theme_fonts=&#8221;yes&#8221; css=&#8221;.vc_custom_1543311620899{margin-top: 0px !important;border-top-width: 0px !important;}&#8221;][vc_empty_space height=&#8221;5px&#8221;][vc_custom_heading text=&#8221;Contact&#8221; font_container=&#8221;tag:h4|text_align:left&#8221; use_theme_fonts=&#8221;yes&#8221;][vc_empty_space height=&#8221;22px&#8221;][\/vc_column][\/vc_row][vc_row el_class=&#8221;flex-row&#8221;][vc_column width=&#8221;1\/4&#8243; offset=&#8221;vc_col-xs-12&#8243; el_class=&#8221;order-two&#8221;][vc_single_image image=&#8221;973&#8243; img_size=&#8221;full&#8221; alignment=&#8221;center&#8221; onclick=&#8221;link_image&#8221; css=&#8221;.vc_custom_1544010517672{border-top-width: 6px !important;border-right-width: 6px !important;border-bottom-width: 6px !important;border-left-width: 6px !important;border-left-color: #ffffff !important;border-left-style: solid !important;border-right-color: #ffffff !important;border-right-style: solid !important;border-top-color: #ffffff !important;border-top-style: solid !important;border-bottom-color: #ffffff !important;border-bottom-style: solid !important;}&#8221;][vc_row_inner][vc_column_inner width=&#8221;1\/3&#8243;][vc_single_image<br \/><a href=\"https:\/\/www.hotel-sommer.at\/felix\/contact\/?lang=en\" class=\"more\">Read more<\/a><\/p>\n","protected":false},"author":1,"featured_media":0,"parent":0,"menu_order":0,"comment_status":"closed","ping_status":"closed","template":"","meta":[],"_links":{"self":[{"href":"https:\/\/www.hotel-sommer.at\/felix\/wp-json\/wp\/v2\/pages\/868\/?lang=en"}],"collection":[{"href":"https:\/\/www.hotel-sommer.at\/felix\/wp-json\/wp\/v2\/pages\/?lang=en"}],"about":[{"href":"https:\/\/www.hotel-sommer.at\/felix\/wp-json\/wp\/v2\/types\/page\/?lang=en"}],"author":[{"embeddable":true,"href":"https:\/\/www.hotel-sommer.at\/felix\/wp-json\/wp\/v2\/users\/1\/?lang=en"}],"replies":[{"embeddable":true,"href":"https:\/\/www.hotel-sommer.at\/felix\/wp-json\/wp\/v2\/comments\/?lang=en&post=868"}],"version-history":[{"count":6,"href":"https:\/\/www.hotel-sommer.at\/felix\/wp-json\/wp\/v2\/pages\/868\/revisions\/?lang=en"}],"predecessor-version":[{"id":1758,"href":"https:\/\/www.hotel-sommer.at\/felix\/wp-json\/wp\/v2\/pages\/868\/revisions\/1758\/?lang=en"}],"wp:attachment":[{"href":"https:\/\/www.hotel-sommer.at\/felix\/wp-json\/wp\/v2\/media\/?lang=en&parent=868"}],"curies":[{"name":"wp","href":"https:\/\/api.w.org\/{rel}","templated":true}]}}