{"id":867,"date":"2018-11-27T10:14:12","date_gmt":"2018-11-27T09:14:12","guid":{"rendered":"https:\/\/www.strike.co.at\/felixneu\/?page_id=867"},"modified":"2025-09-21T15:48:51","modified_gmt":"2025-09-21T13:48:51","slug":"kontakt","status":"publish","type":"page","link":"https:\/\/www.hotel-sommer.at\/felix\/kontakt\/","title":{"rendered":"KONTAKT &#038; \u00d6FFNUNGSZEITEN"},"content":{"rendered":"<p>[vc_row css=&#8220;.vc_custom_1542625391926{margin-top: 0px !important;padding-top: 0px !important;}&#8220;][vc_column][vc_custom_heading text=&#8220;KONTAKT &amp; \u00d6FFNUNGSZEITEN&#8220; font_container=&#8220;tag:h3|text_align:left&#8220; use_theme_fonts=&#8220;yes&#8220; css=&#8220;.vc_custom_1543309884632{margin-top: 0px !important;border-top-width: 0px !important;}&#8220;][vc_empty_space height=&#8220;5px&#8220;][vc_custom_heading text=&#8220;Kontakt&#8220; font_container=&#8220;tag:h4|text_align:left&#8220; use_theme_fonts=&#8220;yes&#8220;][vc_empty_space height=&#8220;22px&#8220;]<style type=\"text\/css\" >#l_ihuyylw81vimbov452jq.sc_line ,#l_ihuyylw81vimbov452jq .sc_line { height:1px; background:#d1d1d1;}#l_ihuyylw81vimbov452jq.sc_line ,#l_ihuyylw81vimbov452jq .sc_line{margin-left:auto!important; margin-right:auto!important;}#l_ihuyylw81vimbov452jq {margin:0px 0 0px 0; padding:0;}<\/style><div class=\"clearfix\"><\/div><div id=\"l_ihuyylw81vimbov452jq\"  class=\"sc_line rd_line_normal\" ><\/div>[\/vc_column][\/vc_row][vc_row el_class=&#8220;flex-row&#8220;][vc_column width=&#8220;1\/4&#8243; offset=&#8220;vc_col-xs-12&#8243; el_class=&#8220;order-two&#8220;][vc_single_image image=&#8220;972&#8243; img_size=&#8220;full&#8220; alignment=&#8220;center&#8220; onclick=&#8220;link_image&#8220; css=&#8220;.vc_custom_1543999740050{border-top-width: 6px !important;border-right-width: 6px !important;border-bottom-width: 6px !important;border-left-width: 6px !important;border-left-color: #ffffff !important;border-left-style: solid !important;border-right-color: #ffffff !important;border-right-style: solid !important;border-top-color: #ffffff !important;border-top-style: solid !important;border-bottom-color: #ffffff !important;border-bottom-style: solid !important;}&#8220;][vc_row_inner][vc_column_inner width=&#8220;1\/3&#8243;][vc_single_image image=&#8220;674&#8243; img_size=&#8220;full&#8220; alignment=&#8220;center&#8220; onclick=&#8220;link_image&#8220; css=&#8220;.vc_custom_1543221422223{border-top-width: 6px !important;border-right-width: 6px !important;border-bottom-width: 6px !important;border-left-width: 6px !important;border-left-color: #ffffff !important;border-left-style: solid !important;border-right-color: #ffffff !important;border-right-style: solid !important;border-top-color: #ffffff !important;border-top-style: solid !important;border-bottom-color: #ffffff !important;border-bottom-style: solid !important;}&#8220;][\/vc_column_inner][vc_column_inner width=&#8220;1\/3&#8243;][vc_single_image image=&#8220;672&#8243; img_size=&#8220;full&#8220; alignment=&#8220;center&#8220; onclick=&#8220;link_image&#8220; css=&#8220;.vc_custom_1544000369611{border-top-width: 6px !important;border-right-width: 6px !important;border-bottom-width: 6px !important;border-left-width: 6px !important;border-left-color: #ffffff !important;border-left-style: solid !important;border-right-color: #ffffff !important;border-right-style: solid !important;border-top-color: #ffffff !important;border-top-style: solid !important;border-bottom-color: #ffffff !important;border-bottom-style: solid !important;}&#8220;][\/vc_column_inner][vc_column_inner width=&#8220;1\/3&#8243;][vc_single_image image=&#8220;670&#8243; img_size=&#8220;full&#8220; alignment=&#8220;center&#8220; onclick=&#8220;link_image&#8220; css=&#8220;.vc_custom_1543221433958{border-top-width: 6px !important;border-right-width: 6px !important;border-bottom-width: 6px !important;border-left-width: 6px !important;border-left-color: #ffffff !important;border-left-style: solid !important;border-right-color: #ffffff !important;border-right-style: solid !important;border-top-color: #ffffff !important;border-top-style: solid !important;border-bottom-color: #ffffff !important;border-bottom-style: solid !important;}&#8220;][\/vc_column_inner][\/vc_row_inner][\/vc_column][vc_column width=&#8220;3\/4&#8243; el_class=&#8220;order-one&#8220;][vc_column_text]<\/p>\n<div class=\"content\">\n<div class=\"field field-name-body field-type-text-with-summary field-label-hidden\">\n<div class=\"field-items\">\n<div class=\"field-item even\">\n<h3>Unsere Kontaktdetails<\/h3>\n<div class=\"content\">\n<div id=\"kontaktfelix\">\n<p><b>Hotel-Restaurant-Vinothek Sommer Felix<\/b><br \/>\nHauptstrasse 112<br \/>\nA-2214 Auersthal<br \/>\nTel: <a href=\"tel:+43228822530\">+43 (0)2288-2253-0<\/a><br \/>\nMobil: <a href=\"http:\/\/+43 (0) 676 4252575\">+43 (0) 676 4252575<\/a><br \/>\n<a href=\"mailto:office@hotel-sommer.at\">office@hotel-sommer.at<\/a><\/p>\n<p><b>\u00d6ffnungszeiten:\u00a0<\/b><br \/>\nMontag, 06:00 &#8211; 23:00 Uhr<br \/>\nDienstag, 06:00 &#8211; 23:00 Uhr<br \/>\nMittwoch, 06:00 &#8211; 23:00 Uhr<br \/>\nDonnerstag, RUHETAG<br \/>\nFreitag, RUHETAG<br \/>\nSamstag, 06:00 &#8211; 23:00 Uhr<br \/>\nSonntag, 06:00 &#8211; 15:00 Uhr<\/p>\n<p>&nbsp;<\/p>\n<p>Fr\u00fchst\u00fcck gibt es <em>t\u00e4glich<\/em> bis 09:00 Uhr<br \/>\nAn Feiertagen ge\u00f6ffnet (au\u00dfer Donnerstag)<\/p>\n<p><strong>Warme K\u00fcche:<br \/>\n<\/strong>Montag bis Mittwoch und Samstag: 11.00 &#8211; 14.00 Uhr und 17:00 &#8211; 21.00 Uhr<br \/>\nSonntag und Feiertage: 11.00 &#8211; 14.00 Uhr<\/p>\n<p>&nbsp;<\/p>\n<p>Das Hotel mit Fr\u00fchst\u00fcck (nicht nur f\u00fcr Hotelg\u00e4ste, t\u00e4glich von 6:00 \u2013 9:00 Uhr) ist ganzj\u00e4hrig in Betrieb<\/p>\n<p>Sie k\u00f6nnen uns auch ohne Probleme auch mit dem Bus erreichen: Bus<br \/>\nHaltestellen<br \/>\n<a href=\"http:\/\/www.oebb.at\/\">\u00d6BB.at<\/a><\/p>\n<\/div>\n<\/div>\n<\/div>\n<div>\n<p>&nbsp;<\/p>\n<p>Um sich ein besseres Bild machen zu k\u00f6nnen, laden wir Sie \u00fcber den nachfolgenden Link zu einer virtuellen Tour durch unseren Betrieb ein.<\/p>\n<p><a href=\"https:\/\/360.3dswissmedia.com\/ec40cf1\">Zum virtuellen Spaziergang<\/a><\/p>\n<\/div>\n<div class=\"field-item even\">\n<div class=\"content\">\n<div><\/div>\n<div><\/div>\n<\/div>\n<\/div>\n<\/div>\n<\/div>\n<div class=\"field field-name-field-bilder field-type-image field-label-hidden inner-galerie\">\n<div class=\"field-items\"><\/div>\n<\/div>\n<\/div>\n<footer><\/footer>\n<p>[\/vc_column_text][vc_custom_heading text=&#8220;Hier sind wir zuhause&#8220; font_container=&#8220;tag:h3|text_align:left&#8220; use_theme_fonts=&#8220;yes&#8220;][vc_empty_space][vc_column_text]<iframe style=\"border: 0;\" src=\"https:\/\/www.google.com\/maps\/embed?pb=!1m18!1m12!1m3!1d2650.3013334626407!2d16.63883479131983!3d48.373947463101764!2m3!1f0!2f0!3f0!3m2!1i1024!2i768!4f13.1!3m3!1m2!1s0x476d1d8c545e3da3%3A0xc7a64c86c4447449!2sHotel-Gasthof%20Sommer!5e0!3m2!1sde!2sat!4v1631090423927!5m2!1sde!2sat\" width=\"600\" height=\"450\" allowfullscreen=\"allowfullscreen\"><\/iframe>[\/vc_column_text][vc_empty_space][\/vc_column][\/vc_row]<\/p>\n","protected":false},"excerpt":{"rendered":"<p>[vc_row css=&#8220;.vc_custom_1542625391926{margin-top: 0px !important;padding-top: 0px !important;}&#8220;][vc_column][vc_custom_heading text=&#8220;KONTAKT &amp; \u00d6FFNUNGSZEITEN&#8220; font_container=&#8220;tag:h3|text_align:left&#8220; use_theme_fonts=&#8220;yes&#8220; css=&#8220;.vc_custom_1543309884632{margin-top: 0px !important;border-top-width: 0px !important;}&#8220;][vc_empty_space height=&#8220;5px&#8220;][vc_custom_heading text=&#8220;Kontakt&#8220; font_container=&#8220;tag:h4|text_align:left&#8220; use_theme_fonts=&#8220;yes&#8220;][vc_empty_space height=&#8220;22px&#8220;][\/vc_column][\/vc_row][vc_row el_class=&#8220;flex-row&#8220;][vc_column width=&#8220;1\/4&#8243; offset=&#8220;vc_col-xs-12&#8243; el_class=&#8220;order-two&#8220;][vc_single_image image=&#8220;972&#8243; img_size=&#8220;full&#8220; alignment=&#8220;center&#8220; onclick=&#8220;link_image&#8220; css=&#8220;.vc_custom_1543999740050{border-top-width: 6px !important;border-right-width: 6px !important;border-bottom-width: 6px !important;border-left-width: 6px !important;border-left-color: #ffffff !important;border-left-style: solid !important;border-right-color: #ffffff !important;border-right-style: solid !important;border-top-color: #ffffff !important;border-top-style: solid !important;border-bottom-color: #ffffff !important;border-bottom-style: solid !important;}&#8220;][vc_row_inner][vc_column_inner width=&#8220;1\/3&#8243;][vc_single_image<br \/><a href=\"https:\/\/www.hotel-sommer.at\/felix\/kontakt\/\" class=\"more\">Read more<\/a><\/p>\n","protected":false},"author":1,"featured_media":0,"parent":0,"menu_order":0,"comment_status":"closed","ping_status":"closed","template":"","meta":[],"_links":{"self":[{"href":"https:\/\/www.hotel-sommer.at\/felix\/wp-json\/wp\/v2\/pages\/867"}],"collection":[{"href":"https:\/\/www.hotel-sommer.at\/felix\/wp-json\/wp\/v2\/pages"}],"about":[{"href":"https:\/\/www.hotel-sommer.at\/felix\/wp-json\/wp\/v2\/types\/page"}],"author":[{"embeddable":true,"href":"https:\/\/www.hotel-sommer.at\/felix\/wp-json\/wp\/v2\/users\/1"}],"replies":[{"embeddable":true,"href":"https:\/\/www.hotel-sommer.at\/felix\/wp-json\/wp\/v2\/comments?post=867"}],"version-history":[{"count":27,"href":"https:\/\/www.hotel-sommer.at\/felix\/wp-json\/wp\/v2\/pages\/867\/revisions"}],"predecessor-version":[{"id":3585,"href":"https:\/\/www.hotel-sommer.at\/felix\/wp-json\/wp\/v2\/pages\/867\/revisions\/3585"}],"wp:attachment":[{"href":"https:\/\/www.hotel-sommer.at\/felix\/wp-json\/wp\/v2\/media?parent=867"}],"curies":[{"name":"wp","href":"https:\/\/api.w.org\/{rel}","templated":true}]}}