{"id":858,"date":"2018-11-27T10:05:18","date_gmt":"2018-11-27T09:05:18","guid":{"rendered":"https:\/\/www.strike.co.at\/felixneu\/?page_id=858"},"modified":"2022-03-27T12:29:26","modified_gmt":"2022-03-27T10:29:26","slug":"angebote","status":"publish","type":"page","link":"https:\/\/www.hotel-sommer.at\/felix\/angebote\/","title":{"rendered":"ANGEBOTE"},"content":{"rendered":"<p>[vc_row css=&#8220;.vc_custom_1542625391926{margin-top: 0px !important;padding-top: 0px !important;}&#8220;][vc_column][vc_custom_heading text=&#8220;ANGEBOTE&#8220; font_container=&#8220;tag:h3|text_align:left&#8220; use_theme_fonts=&#8220;yes&#8220; css=&#8220;.vc_custom_1543309498508{margin-top: 0px !important;border-top-width: 0px !important;}&#8220;][vc_empty_space height=&#8220;5px&#8220;][vc_custom_heading text=&#8220;Freizeitangebote&#8220; font_container=&#8220;tag:h4|text_align:left&#8220; use_theme_fonts=&#8220;yes&#8220;][vc_empty_space height=&#8220;22px&#8220;]<style type=\"text\/css\" >#l_ih63o3pjpbh82ghdgqvh.sc_line ,#l_ih63o3pjpbh82ghdgqvh .sc_line { height:1px; background:#d1d1d1;}#l_ih63o3pjpbh82ghdgqvh.sc_line ,#l_ih63o3pjpbh82ghdgqvh .sc_line{margin-left:auto!important; margin-right:auto!important;}#l_ih63o3pjpbh82ghdgqvh {margin:0px 0 0px 0; padding:0;}<\/style><div class=\"clearfix\"><\/div><div id=\"l_ih63o3pjpbh82ghdgqvh\"  class=\"sc_line rd_line_normal\" ><\/div>[\/vc_column][\/vc_row][vc_row el_class=&#8220;flex-row&#8220;][vc_column width=&#8220;1\/4&#8243; offset=&#8220;vc_col-xs-12&#8243; el_class=&#8220;order-two&#8220;][vc_single_image image=&#8220;950&#8243; img_size=&#8220;full&#8220; alignment=&#8220;center&#8220; onclick=&#8220;link_image&#8220; css=&#8220;.vc_custom_1543999350698{border-top-width: 6px !important;border-right-width: 6px !important;border-bottom-width: 6px !important;border-left-width: 6px !important;border-left-color: #ffffff !important;border-left-style: solid !important;border-right-color: #ffffff !important;border-right-style: solid !important;border-top-color: #ffffff !important;border-top-style: solid !important;border-bottom-color: #ffffff !important;border-bottom-style: solid !important;}&#8220;][vc_row_inner][vc_column_inner width=&#8220;1\/3&#8243;][vc_single_image image=&#8220;962&#8243; img_size=&#8220;full&#8220; alignment=&#8220;center&#8220; onclick=&#8220;link_image&#8220; css=&#8220;.vc_custom_1543999586302{border-top-width: 6px !important;border-right-width: 6px !important;border-bottom-width: 6px !important;border-left-width: 6px !important;border-left-color: #ffffff !important;border-left-style: solid !important;border-right-color: #ffffff !important;border-right-style: solid !important;border-top-color: #ffffff !important;border-top-style: solid !important;border-bottom-color: #ffffff !important;border-bottom-style: solid !important;}&#8220;][\/vc_column_inner][vc_column_inner width=&#8220;1\/3&#8243;][vc_single_image image=&#8220;925&#8243; img_size=&#8220;full&#8220; alignment=&#8220;center&#8220; onclick=&#8220;link_image&#8220; css=&#8220;.vc_custom_1543999683251{border-top-width: 6px !important;border-right-width: 6px !important;border-bottom-width: 6px !important;border-left-width: 6px !important;border-left-color: #ffffff !important;border-left-style: solid !important;border-right-color: #ffffff !important;border-right-style: solid !important;border-top-color: #ffffff !important;border-top-style: solid !important;border-bottom-color: #ffffff !important;border-bottom-style: solid !important;}&#8220;][\/vc_column_inner][\/vc_row_inner][\/vc_column][vc_column width=&#8220;3\/4&#8243; el_class=&#8220;order-one&#8220;][vc_column_text]Die verschiedensten Freizeitm\u00f6glichkeiten im Weinviertel bieten sowohl dem sportlichen als auch dem gem\u00fctlichen Gast viele verschiedene Aktivit\u00e4ten. Unsere Umgebung l\u00e4dt zu den vielf\u00e4ltigsten Freizeitbesch\u00e4ftigungen ein:<strong>Kellergassenf\u00fchrungen, Nordic Walking-Trainer, Wien- und Weinviertelf\u00fchrungen, Gem\u00fctliche Heurigenlokale, Traktorfahren durch die Rieden, Wanderwege, gut beschilderte Radwege, Tennispl\u00e4tze, Fu\u00dfballplatz usw.<\/strong>Gerne beraten und informieren wir Sie auch \u00fcber die Angebote und M\u00f6glichkeiten!<\/p>\n<p>&nbsp;<\/p>\n<ul>\n<li style=\"list-style-type: none;\">\n<ul>\n<li><a href=\"http:\/\/www.weinviertel.at\/de\/\" target=\"_blank\" rel=\"noopener noreferrer\">Weinviertel Tourismus<\/a><\/li>\n<li><a href=\"http:\/\/www.schlosshof.at\/cms_neu\/index.php\" target=\"_blank\" rel=\"noopener noreferrer\">Schlosshof<\/a><\/li>\n<li><a href=\"http:\/\/www.weinviertel.at\/de\/?tt=WEINV_R83\" target=\"_blank\" rel=\"noopener noreferrer\">Tafeln im Weinviertel<\/a><\/li>\n<li><a href=\"http:\/\/www.fossilienwelt.at\/cda\/index.php\" target=\"_blank\" rel=\"noopener noreferrer\">Stetten Fossilewelt<\/a><\/li>\n<li><a href=\"http:\/\/www.museumsdorf.at\/de\/default.asp\" target=\"_blank\" rel=\"noopener noreferrer\">Museumsdorf Niedersulz<\/a><\/li>\n<li><a href=\"http:\/\/www.weinviertel.at\/radfahren\" target=\"_blank\" rel=\"noopener noreferrer\">Radfahren im Weinviertel<\/a><\/li>\n<li><a href=\"http:\/\/www.weinviertel.at\/franziskusweg\" target=\"_blank\" rel=\"noopener noreferrer\">Franziskusweg Weinviertel<\/a><\/li>\n<li><a href=\"http:\/\/www.niederoesterreich.at\/weinstrasse\" target=\"_blank\" rel=\"noopener noreferrer\">Weinstra\u00dfe<\/a><\/li>\n<li><a href=\"http:\/\/www.prottes.at\/system\/web\/zusatzseite.aspx?menuonr=218802778&amp;detailonr=218802362\" target=\"_blank\" rel=\"noopener noreferrer\">OMV Lehrpfadprottes<\/a><\/li>\n<li>Traktor Rieden Fahrt<\/li>\n<li>Kellergassenf\u00fchrung Auersthal<\/li>\n<li><a href=\"http:\/\/www.weinberg-walking.at\/\" target=\"_blank\" rel=\"noopener noreferrer\">Weinbergwalking<\/a><\/li>\n<li><a href=\"http:\/\/www.weinviertel.at\/de\/?tt=WEINV_R24&amp;id=105508\" target=\"_blank\" rel=\"noopener noreferrer\">Radwanderwege<\/a><\/li>\n<li><a href=\"http:\/\/www.kleinhaus.at\/\" target=\"_blank\" rel=\"noopener noreferrer\">Kleinhaus Killmeyer<\/a><\/li>\n<li><a href=\"http:\/\/www.carnuntum.at\/de\" target=\"_blank\" rel=\"noopener noreferrer\">R\u00f6merstadt Carnuntum<\/a><\/li>\n<li><a href=\"http:\/\/www.auersthal.at\/tourismus\/heurige\/\" target=\"_blank\" rel=\"noopener noreferrer\">diverse Heurigen &#8211; Heurigenkalender<\/a><\/li>\n<li><a href=\"http:\/\/www.drechselwerkstatt-felber.at\/\" target=\"_blank\" rel=\"noopener noreferrer\">Drechselwerkstadt G. Felber<\/a><\/li>\n<li><a href=\"http:\/\/www.nordwandklettern.at\/\" target=\"_blank\" rel=\"noopener noreferrer\">Wolkersdorf Kletterhalle<\/a><\/li>\n<li><a href=\"http:\/\/www.erlebnispark-gaenserndorf.at\/\" target=\"_blank\" rel=\"noopener noreferrer\">Erlebnispark G\u00e4nserndorf<\/a><\/li>\n<li><a href=\"http:\/\/www.museumstillfried.at\/startseite.html\">Steinzeit Museum Stillfried<\/a><\/li>\n<li><a href=\"http:\/\/www.kanu-fritz.at\/\">Kanufahren auf der March<\/a><\/li>\n<\/ul>\n<\/li>\n<\/ul>\n<p>&nbsp;<\/p>\n<p>Bitte nutzen Sie auch unseren digitalen Urlaubsbegleiter!<\/p>\n<p><a href=\"https:\/\/tipps.weinviertel.at\/hotelrestaurantvinothek-felix-sommer\/#\/\">Hier gehts zum digitalen Urlaubsbegleiter<\/a>[\/vc_column_text][\/vc_column][\/vc_row]<\/p>\n","protected":false},"excerpt":{"rendered":"<p>[vc_row css=&#8220;.vc_custom_1542625391926{margin-top: 0px !important;padding-top: 0px !important;}&#8220;][vc_column][vc_custom_heading text=&#8220;ANGEBOTE&#8220; font_container=&#8220;tag:h3|text_align:left&#8220; use_theme_fonts=&#8220;yes&#8220; css=&#8220;.vc_custom_1543309498508{margin-top: 0px !important;border-top-width: 0px !important;}&#8220;][vc_empty_space height=&#8220;5px&#8220;][vc_custom_heading text=&#8220;Freizeitangebote&#8220; font_container=&#8220;tag:h4|text_align:left&#8220; use_theme_fonts=&#8220;yes&#8220;][vc_empty_space height=&#8220;22px&#8220;][\/vc_column][\/vc_row][vc_row el_class=&#8220;flex-row&#8220;][vc_column width=&#8220;1\/4&#8243; offset=&#8220;vc_col-xs-12&#8243; el_class=&#8220;order-two&#8220;][vc_single_image image=&#8220;950&#8243; img_size=&#8220;full&#8220; alignment=&#8220;center&#8220; onclick=&#8220;link_image&#8220; css=&#8220;.vc_custom_1543999350698{border-top-width: 6px !important;border-right-width: 6px !important;border-bottom-width: 6px !important;border-left-width: 6px !important;border-left-color: #ffffff !important;border-left-style: solid !important;border-right-color: #ffffff !important;border-right-style: solid !important;border-top-color: #ffffff !important;border-top-style: solid !important;border-bottom-color: #ffffff !important;border-bottom-style: solid !important;}&#8220;][vc_row_inner][vc_column_inner width=&#8220;1\/3&#8243;][vc_single_image image=&#8220;962&#8243; img_size=&#8220;full&#8220;<br \/><a href=\"https:\/\/www.hotel-sommer.at\/felix\/angebote\/\" class=\"more\">Read more<\/a><\/p>\n","protected":false},"author":1,"featured_media":0,"parent":0,"menu_order":0,"comment_status":"closed","ping_status":"closed","template":"","meta":[],"_links":{"self":[{"href":"https:\/\/www.hotel-sommer.at\/felix\/wp-json\/wp\/v2\/pages\/858"}],"collection":[{"href":"https:\/\/www.hotel-sommer.at\/felix\/wp-json\/wp\/v2\/pages"}],"about":[{"href":"https:\/\/www.hotel-sommer.at\/felix\/wp-json\/wp\/v2\/types\/page"}],"author":[{"embeddable":true,"href":"https:\/\/www.hotel-sommer.at\/felix\/wp-json\/wp\/v2\/users\/1"}],"replies":[{"embeddable":true,"href":"https:\/\/www.hotel-sommer.at\/felix\/wp-json\/wp\/v2\/comments?post=858"}],"version-history":[{"count":9,"href":"https:\/\/www.hotel-sommer.at\/felix\/wp-json\/wp\/v2\/pages\/858\/revisions"}],"predecessor-version":[{"id":2579,"href":"https:\/\/www.hotel-sommer.at\/felix\/wp-json\/wp\/v2\/pages\/858\/revisions\/2579"}],"wp:attachment":[{"href":"https:\/\/www.hotel-sommer.at\/felix\/wp-json\/wp\/v2\/media?parent=858"}],"curies":[{"name":"wp","href":"https:\/\/api.w.org\/{rel}","templated":true}]}}