{"id":840,"date":"2018-11-27T09:47:28","date_gmt":"2018-11-27T08:47:28","guid":{"rendered":"https:\/\/www.strike.co.at\/felixneu\/?page_id=840"},"modified":"2018-12-05T11:06:28","modified_gmt":"2018-12-05T10:06:28","slug":"rotweindepot","status":"publish","type":"page","link":"https:\/\/www.hotel-sommer.at\/felix\/rotweindepot\/","title":{"rendered":"ROTWEINDEPOT"},"content":{"rendered":"<p>[vc_row css=&#8220;.vc_custom_1542625391926{margin-top: 0px !important;padding-top: 0px !important;}&#8220;][vc_column][vc_custom_heading text=&#8220;ROTWEINDEPOT&#8220; font_container=&#8220;tag:h3|text_align:left&#8220; use_theme_fonts=&#8220;yes&#8220; css=&#8220;.vc_custom_1543308413837{margin-top: 0px !important;border-top-width: 0px !important;}&#8220;][vc_empty_space height=&#8220;5px&#8220;][vc_custom_heading text=&#8220;Erlesene Spezialit\u00e4ten&#8220; font_container=&#8220;tag:h4|text_align:left&#8220; use_theme_fonts=&#8220;yes&#8220;][vc_empty_space height=&#8220;22px&#8220;]<style type=\"text\/css\" >#l_n8gj6tce333pdlo8ntlp.sc_line ,#l_n8gj6tce333pdlo8ntlp .sc_line { height:1px; background:#d1d1d1;}#l_n8gj6tce333pdlo8ntlp.sc_line ,#l_n8gj6tce333pdlo8ntlp .sc_line{margin-left:auto!important; margin-right:auto!important;}#l_n8gj6tce333pdlo8ntlp {margin:0px 0 0px 0; padding:0;}<\/style><div class=\"clearfix\"><\/div><div id=\"l_n8gj6tce333pdlo8ntlp\"  class=\"sc_line rd_line_normal\" ><\/div>[\/vc_column][\/vc_row][vc_row el_class=&#8220;flex-row&#8220;][vc_column width=&#8220;1\/4&#8243; offset=&#8220;vc_col-xs-12&#8243; el_class=&#8220;order-two&#8220;][vc_single_image image=&#8220;974&#8243; img_size=&#8220;full&#8220; alignment=&#8220;center&#8220; onclick=&#8220;link_image&#8220; css=&#8220;.vc_custom_1544004358924{border-top-width: 6px !important;border-right-width: 6px !important;border-bottom-width: 6px !important;border-left-width: 6px !important;border-left-color: #ffffff !important;border-left-style: solid !important;border-right-color: #ffffff !important;border-right-style: solid !important;border-top-color: #ffffff !important;border-top-style: solid !important;border-bottom-color: #ffffff !important;border-bottom-style: solid !important;}&#8220;][vc_row_inner][vc_column_inner width=&#8220;1\/3&#8243;][vc_single_image image=&#8220;674&#8243; img_size=&#8220;full&#8220; alignment=&#8220;center&#8220; onclick=&#8220;link_image&#8220; css=&#8220;.vc_custom_1543221422223{border-top-width: 6px !important;border-right-width: 6px !important;border-bottom-width: 6px !important;border-left-width: 6px !important;border-left-color: #ffffff !important;border-left-style: solid !important;border-right-color: #ffffff !important;border-right-style: solid !important;border-top-color: #ffffff !important;border-top-style: solid !important;border-bottom-color: #ffffff !important;border-bottom-style: solid !important;}&#8220;][\/vc_column_inner][vc_column_inner width=&#8220;1\/3&#8243;][vc_single_image image=&#8220;677&#8243; img_size=&#8220;full&#8220; alignment=&#8220;center&#8220; onclick=&#8220;link_image&#8220; css=&#8220;.vc_custom_1544004387109{border-top-width: 6px !important;border-right-width: 6px !important;border-bottom-width: 6px !important;border-left-width: 6px !important;border-left-color: #ffffff !important;border-left-style: solid !important;border-right-color: #ffffff !important;border-right-style: solid !important;border-top-color: #ffffff !important;border-top-style: solid !important;border-bottom-color: #ffffff !important;border-bottom-style: solid !important;}&#8220;][\/vc_column_inner][\/vc_row_inner][\/vc_column][vc_column width=&#8220;3\/4&#8243; el_class=&#8220;order-one&#8220;][vc_column_text]Der passionierte Weinsammler Felix Sommer jun. hat sich in den R\u00e4umlichkeiten der Vinothek ein Rotweindepot angelegt.<\/p>\n<p>Hier findet man erlesene Rotwein-Klassiker aus \u00d6sterreich. Diese werden nach mehrj\u00e4hriger Lagerung bei bestimmten Anl\u00e4ssen verkostet.<\/p>\n<p>Gerne empfehlen wir auch Ihnen einen passenden Wein f\u00fcr Ihre Feier.[\/vc_column_text][\/vc_column][\/vc_row]<\/p>\n","protected":false},"excerpt":{"rendered":"<p>[vc_row css=&#8220;.vc_custom_1542625391926{margin-top: 0px !important;padding-top: 0px !important;}&#8220;][vc_column][vc_custom_heading text=&#8220;ROTWEINDEPOT&#8220; font_container=&#8220;tag:h3|text_align:left&#8220; use_theme_fonts=&#8220;yes&#8220; css=&#8220;.vc_custom_1543308413837{margin-top: 0px !important;border-top-width: 0px !important;}&#8220;][vc_empty_space height=&#8220;5px&#8220;][vc_custom_heading text=&#8220;Erlesene Spezialit\u00e4ten&#8220; font_container=&#8220;tag:h4|text_align:left&#8220; use_theme_fonts=&#8220;yes&#8220;][vc_empty_space height=&#8220;22px&#8220;][\/vc_column][\/vc_row][vc_row el_class=&#8220;flex-row&#8220;][vc_column width=&#8220;1\/4&#8243; offset=&#8220;vc_col-xs-12&#8243; el_class=&#8220;order-two&#8220;][vc_single_image image=&#8220;974&#8243; img_size=&#8220;full&#8220; alignment=&#8220;center&#8220; onclick=&#8220;link_image&#8220; css=&#8220;.vc_custom_1544004358924{border-top-width: 6px !important;border-right-width: 6px !important;border-bottom-width: 6px !important;border-left-width: 6px !important;border-left-color: #ffffff !important;border-left-style: solid !important;border-right-color: #ffffff !important;border-right-style: solid !important;border-top-color: #ffffff !important;border-top-style: solid !important;border-bottom-color: #ffffff !important;border-bottom-style: solid !important;}&#8220;][vc_row_inner][vc_column_inner width=&#8220;1\/3&#8243;][vc_single_image image=&#8220;674&#8243;<br \/><a href=\"https:\/\/www.hotel-sommer.at\/felix\/rotweindepot\/\" class=\"more\">Read more<\/a><\/p>\n","protected":false},"author":1,"featured_media":0,"parent":0,"menu_order":0,"comment_status":"closed","ping_status":"closed","template":"","meta":[],"_links":{"self":[{"href":"https:\/\/www.hotel-sommer.at\/felix\/wp-json\/wp\/v2\/pages\/840"}],"collection":[{"href":"https:\/\/www.hotel-sommer.at\/felix\/wp-json\/wp\/v2\/pages"}],"about":[{"href":"https:\/\/www.hotel-sommer.at\/felix\/wp-json\/wp\/v2\/types\/page"}],"author":[{"embeddable":true,"href":"https:\/\/www.hotel-sommer.at\/felix\/wp-json\/wp\/v2\/users\/1"}],"replies":[{"embeddable":true,"href":"https:\/\/www.hotel-sommer.at\/felix\/wp-json\/wp\/v2\/comments?post=840"}],"version-history":[{"count":4,"href":"https:\/\/www.hotel-sommer.at\/felix\/wp-json\/wp\/v2\/pages\/840\/revisions"}],"predecessor-version":[{"id":1073,"href":"https:\/\/www.hotel-sommer.at\/felix\/wp-json\/wp\/v2\/pages\/840\/revisions\/1073"}],"wp:attachment":[{"href":"https:\/\/www.hotel-sommer.at\/felix\/wp-json\/wp\/v2\/media?parent=840"}],"curies":[{"name":"wp","href":"https:\/\/api.w.org\/{rel}","templated":true}]}}