{"id":790,"date":"2018-11-26T10:12:17","date_gmt":"2018-11-26T09:12:17","guid":{"rendered":"https:\/\/www.strike.co.at\/felixneu\/?page_id=790"},"modified":"2022-08-22T21:13:01","modified_gmt":"2022-08-22T19:13:01","slug":"restaurant","status":"publish","type":"page","link":"https:\/\/www.hotel-sommer.at\/felix\/restaurant\/","title":{"rendered":"RESTAURANT"},"content":{"rendered":"<p>[vc_row css=&#8220;.vc_custom_1542625391926{margin-top: 0px !important;padding-top: 0px !important;}&#8220;][vc_column][vc_custom_heading text=&#8220;RESTAURANT&#8220; font_container=&#8220;tag:h3|text_align:left&#8220; use_theme_fonts=&#8220;yes&#8220; css=&#8220;.vc_custom_1543223509525{margin-top: 0px !important;border-top-width: 0px !important;}&#8220;][vc_empty_space height=&#8220;5px&#8220;][vc_custom_heading text=&#8220;Regionalit\u00e4t und Qualit\u00e4t im Verlauf der Jahreszeiten&#8220; font_container=&#8220;tag:h4|text_align:left&#8220; use_theme_fonts=&#8220;yes&#8220;][vc_empty_space height=&#8220;22px&#8220;]<style type=\"text\/css\" >#l_cyjrjzrmhxfyclli3kk5.sc_line ,#l_cyjrjzrmhxfyclli3kk5 .sc_line { height:1px; background:#d1d1d1;}#l_cyjrjzrmhxfyclli3kk5.sc_line ,#l_cyjrjzrmhxfyclli3kk5 .sc_line{margin-left:auto!important; margin-right:auto!important;}#l_cyjrjzrmhxfyclli3kk5 {margin:0px 0 0px 0; padding:0;}<\/style><div class=\"clearfix\"><\/div><div id=\"l_cyjrjzrmhxfyclli3kk5\"  class=\"sc_line rd_line_normal\" ><\/div>[\/vc_column][\/vc_row][vc_row el_class=&#8220;flex-row&#8220;][vc_column width=&#8220;1\/4&#8243; offset=&#8220;vc_col-xs-12&#8243; el_class=&#8220;order-two&#8220;][vc_single_image image=&#8220;2274&#8243; img_size=&#8220;full&#8220; alignment=&#8220;center&#8220; onclick=&#8220;link_image&#8220; css=&#8220;.vc_custom_1634575354866{border-top-width: 6px !important;border-right-width: 6px !important;border-bottom-width: 6px !important;border-left-width: 6px !important;border-left-color: #ffffff !important;border-left-style: solid !important;border-right-color: #ffffff !important;border-right-style: solid !important;border-top-color: #ffffff !important;border-top-style: solid !important;border-bottom-color: #ffffff !important;border-bottom-style: solid !important;}&#8220;][vc_row_inner][vc_column_inner width=&#8220;1\/3&#8243;][vc_single_image image=&#8220;925&#8243; img_size=&#8220;full&#8220; alignment=&#8220;center&#8220; onclick=&#8220;link_image&#8220; css=&#8220;.vc_custom_1543587348466{border-top-width: 6px !important;border-right-width: 6px !important;border-bottom-width: 6px !important;border-left-width: 6px !important;border-left-color: #ffffff !important;border-left-style: solid !important;border-right-color: #ffffff !important;border-right-style: solid !important;border-top-color: #ffffff !important;border-top-style: solid !important;border-bottom-color: #ffffff !important;border-bottom-style: solid !important;}&#8220;][\/vc_column_inner][vc_column_inner width=&#8220;1\/3&#8243;][vc_single_image image=&#8220;928&#8243; img_size=&#8220;full&#8220; alignment=&#8220;center&#8220; onclick=&#8220;link_image&#8220; css=&#8220;.vc_custom_1544004439804{border-top-width: 6px !important;border-right-width: 6px !important;border-bottom-width: 6px !important;border-left-width: 6px !important;border-left-color: #ffffff !important;border-left-style: solid !important;border-right-color: #ffffff !important;border-right-style: solid !important;border-top-color: #ffffff !important;border-top-style: solid !important;border-bottom-color: #ffffff !important;border-bottom-style: solid !important;}&#8220;][\/vc_column_inner][vc_column_inner width=&#8220;1\/3&#8243;][vc_single_image image=&#8220;2477&#8243;][\/vc_column_inner][\/vc_row_inner][\/vc_column][vc_column width=&#8220;3\/4&#8243; el_class=&#8220;order-one&#8220;][vc_column_text]Felix Sommer, Florian Reinthaler, Norbert Lukacs und ihr Team st\u00fctzen sich auf die traditionelle K\u00fcche der Region und haben Freude daran, auch durch internationale Einfl\u00fcsse das \u201egewisse Etwas\u201c in die \u00f6sterreichische K\u00fcche einzubringen.<\/p>\n<p>Aller Anfang liegt in der Auswahl<strong>\u00a0hochwertiger Produkte<\/strong>, die vorwiegend aus der Region bezogen werden. Hier wird neben Frische, Qualit\u00e4t und Herstellung der Produkte besonders Wert auf die Begegnung und den pers\u00f6nlichen Austausch mit den Lieferanten und Produzenten der\u00a0<strong>Region\u00a0<\/strong>gelegt.<\/p>\n<p>Das Ergebnis dieser Zutaten sind<strong>\u00a0Einklang mit Region und Natur<\/strong>\u00a0und eine Karte, die Sie den Jahreszeiten folgend mit frischen Speisen verw\u00f6hnt.<\/p>\n<p>Felix Sommer jun. konnte schon viel Erfahrung in der traditionellen Wiener K\u00fcche sammeln. Nach einem kurzen Aufenthalt in der Schweiz perfektionierte er seine Kenntnisse in Mexiko und den USA, vor allem in New York City, wo er bei renommierten K\u00fcchenchefs seine Kochk\u00fcnste verfeinerte und zu neuen Rezeptkreationen inspiriert wurde.<\/p>\n<p>&nbsp;<\/p>\n<p>Um sich ein besseres Bild machen zu k\u00f6nnen, laden wir Sie \u00fcber den nachfolgenden Link zu einer virtuellen Tour durch unseren Betrieb ein.<\/p>\n<p>&nbsp;<\/p>\n<p><a href=\"https:\/\/360.3dswissmedia.com\/ec40cf1\">Zum virtuellen Spaziergang<\/a><\/p>\n<p>Sie m\u00f6chten einen Tisch reservieren? Rufen Sie uns an \u2013 02288\/2253-0 oder schreiben Sie uns\u00a0<a href=\"mailto:office@hotel-sommer.at\">office@hotel-sommer.at<\/a><\/p>\n<p>[\/vc_column_text][\/vc_column][\/vc_row]<\/p>\n","protected":false},"excerpt":{"rendered":"<p>[vc_row css=&#8220;.vc_custom_1542625391926{margin-top: 0px !important;padding-top: 0px !important;}&#8220;][vc_column][vc_custom_heading text=&#8220;RESTAURANT&#8220; font_container=&#8220;tag:h3|text_align:left&#8220; use_theme_fonts=&#8220;yes&#8220; css=&#8220;.vc_custom_1543223509525{margin-top: 0px !important;border-top-width: 0px !important;}&#8220;][vc_empty_space height=&#8220;5px&#8220;][vc_custom_heading text=&#8220;Regionalit\u00e4t und Qualit\u00e4t im Verlauf der Jahreszeiten&#8220; font_container=&#8220;tag:h4|text_align:left&#8220; use_theme_fonts=&#8220;yes&#8220;][vc_empty_space height=&#8220;22px&#8220;][\/vc_column][\/vc_row][vc_row el_class=&#8220;flex-row&#8220;][vc_column width=&#8220;1\/4&#8243; offset=&#8220;vc_col-xs-12&#8243; el_class=&#8220;order-two&#8220;][vc_single_image image=&#8220;2274&#8243; img_size=&#8220;full&#8220; alignment=&#8220;center&#8220; onclick=&#8220;link_image&#8220; css=&#8220;.vc_custom_1634575354866{border-top-width: 6px !important;border-right-width: 6px !important;border-bottom-width: 6px !important;border-left-width: 6px !important;border-left-color: #ffffff !important;border-left-style: solid !important;border-right-color: #ffffff !important;border-right-style: solid !important;border-top-color: #ffffff !important;border-top-style: solid !important;border-bottom-color: #ffffff<br \/><a href=\"https:\/\/www.hotel-sommer.at\/felix\/restaurant\/\" class=\"more\">Read more<\/a><\/p>\n","protected":false},"author":1,"featured_media":0,"parent":0,"menu_order":0,"comment_status":"closed","ping_status":"closed","template":"","meta":[],"_links":{"self":[{"href":"https:\/\/www.hotel-sommer.at\/felix\/wp-json\/wp\/v2\/pages\/790"}],"collection":[{"href":"https:\/\/www.hotel-sommer.at\/felix\/wp-json\/wp\/v2\/pages"}],"about":[{"href":"https:\/\/www.hotel-sommer.at\/felix\/wp-json\/wp\/v2\/types\/page"}],"author":[{"embeddable":true,"href":"https:\/\/www.hotel-sommer.at\/felix\/wp-json\/wp\/v2\/users\/1"}],"replies":[{"embeddable":true,"href":"https:\/\/www.hotel-sommer.at\/felix\/wp-json\/wp\/v2\/comments?post=790"}],"version-history":[{"count":12,"href":"https:\/\/www.hotel-sommer.at\/felix\/wp-json\/wp\/v2\/pages\/790\/revisions"}],"predecessor-version":[{"id":2836,"href":"https:\/\/www.hotel-sommer.at\/felix\/wp-json\/wp\/v2\/pages\/790\/revisions\/2836"}],"wp:attachment":[{"href":"https:\/\/www.hotel-sommer.at\/felix\/wp-json\/wp\/v2\/media?parent=790"}],"curies":[{"name":"wp","href":"https:\/\/api.w.org\/{rel}","templated":true}]}}