{"id":638,"date":"2018-11-15T15:34:44","date_gmt":"2018-11-15T14:34:44","guid":{"rendered":"https:\/\/www.strike.co.at\/felixneu\/?page_id=11"},"modified":"2025-09-08T17:59:29","modified_gmt":"2025-09-08T15:59:29","slug":"home","status":"publish","type":"page","link":"https:\/\/www.hotel-sommer.at\/felix\/","title":{"rendered":"HOME"},"content":{"rendered":"<p>[vc_row css=&#8220;.vc_custom_1542698606203{padding-top: 0px !important;}&#8220;][vc_column][vc_column_text]<\/p>\n<p style=\"text-align: center;\">Die Familie Sommer hei\u00dft Sie<\/p>\n<h2 style=\"text-align: center;\">HERZLICH WILLKOMMEN<\/h2>\n<p>[\/vc_column_text][\/vc_column][\/vc_row][vc_row][vc_column]<style type=\"text\/css\" >#l_au62xw6herxhumkdd9b6.sc_line ,#l_au62xw6herxhumkdd9b6 .sc_line { height:1px; background: #666666; background: -moz-linear-gradient(90deg, #666666 0%, #828282 100%); background: -webkit-gradient(linear, left top, right bottom, color-stop(0%,#666666), color-stop(100%,#828282)); background: -webkit-linear-gradient(90deg, #666666 0%,#828282 100%); background: -o-linear-gradient(90deg, #666666 0%,#828282 100%); background: -ms-linear-gradient(90deg, #666666 0%,#828282 100%); background: linear-gradient(90deg, #666666 0%,#828282 100%);}#l_au62xw6herxhumkdd9b6.sc_line ,#l_au62xw6herxhumkdd9b6 .sc_line{margin-left:auto!important; margin-right:auto!important;}#l_au62xw6herxhumkdd9b6 {margin:10px 0 10px 0; padding:0;}<\/style><div class=\"clearfix\"><\/div><div id=\"l_au62xw6herxhumkdd9b6\"  class=\"sc_line rd_line_normal\" ><\/div>[\/vc_column][\/vc_row][vc_row][vc_column width=&#8220;1\/3&#8243;][vc_custom_heading text=&#8220;Hotel&#8220; font_container=&#8220;tag:h2|text_align:center&#8220; use_theme_fonts=&#8220;yes&#8220; css=&#8220;.vc_custom_1543045282328{margin-bottom: 35px !important;border-bottom-width: 0px !important;}&#8220;][vc_single_image image=&#8220;646&#8243; img_size=&#8220;full&#8220; alignment=&#8220;center&#8220;][vc_column_text]Ob Urlaub oder Gesch\u00e4ftsreise, wir haben das passende Zimmer und Rahmenprogramm f\u00fcr Sie! Unser Haus liegt in unmittelbarer N\u00e4he von Wien und bietet Ihnen einen entspannenden Aufenthalt in einem unserer hochmodernen Zimmer[\/vc_column_text]<style type=\"text\/css\" >#b_2fykwji9gvzrzlcgn3ui a{color:#ffffff; background:#b1b1b1; margin-top:0px; margin-bottom:0px;  margin-left:0px; margin-right:0px; font-weight:500; border-radius:0px;}#b_2fykwji9gvzrzlcgn3ui a:hover{color: ; background: ;}<\/style><div class=\"ta_left tf_btn_pos\" id=\"b_2fykwji9gvzrzlcgn3ui\" ><a class=\"rd_normal_bt medium_rd_bt  \" href=\"http:\/\/www.hotel-sommer.at\/felix\/hotel\" target=\"\"   >Mehr Information<\/a><\/div>[\/vc_column][vc_column width=&#8220;1\/3&#8243;][vc_custom_heading text=&#8220;Restaurant&#8220; font_container=&#8220;tag:h2|text_align:center&#8220; use_theme_fonts=&#8220;yes&#8220; css=&#8220;.vc_custom_1543045288330{margin-bottom: 35px !important;}&#8220;][vc_single_image image=&#8220;648&#8243; img_size=&#8220;full&#8220; alignment=&#8220;center&#8220;][vc_column_text]Genie\u00dfen Sie \u00f6sterreichische Spezialit\u00e4ten, zubereitet aus regionalen Produkten, sowie die internationale K\u00fcche in unserem Restaurant[\/vc_column_text]<style type=\"text\/css\" >#b_6s1il68m9eboy9sk8tl2 a{color:#ffffff; background:#b1b1b1; margin-top:0px; margin-bottom:0px;  margin-left:0px; margin-right:0px; font-weight:500; border-radius:0px;}#b_6s1il68m9eboy9sk8tl2 a:hover{color: ; background: ;}<\/style><div class=\"ta_left tf_btn_pos\" id=\"b_6s1il68m9eboy9sk8tl2\" ><a class=\"rd_normal_bt medium_rd_bt  \" href=\"http:\/\/www.hotel-sommer.at\/felix\/restaurant\" target=\"\"   >Mehr Information<\/a><\/div>[\/vc_column][vc_column width=&#8220;1\/3&#8243;][vc_custom_heading text=&#8220;Vinothek&#8220; font_container=&#8220;tag:h2|text_align:center&#8220; use_theme_fonts=&#8220;yes&#8220; css=&#8220;.vc_custom_1543045303194{margin-bottom: 35px !important;}&#8220;][vc_single_image image=&#8220;677&#8243; img_size=&#8220;full&#8220; alignment=&#8220;center&#8220;][vc_column_text]Unsere Vinothek bietet f\u00fcr den Weinliebhaber eine gro\u00dfe Auswahl an Spitzenweinen aus dem S\u00fcdlichen Weinviertel. Hier finden Sie das richtige f\u00fcr Ihren Geschmack[\/vc_column_text]<style type=\"text\/css\" >#b_gbiw5djx65ovetsngyz4 a{color:#ffffff; background:#b1b1b1; margin-top:0px; margin-bottom:0px;  margin-left:0px; margin-right:0px; font-weight:500; border-radius:0px;}#b_gbiw5djx65ovetsngyz4 a:hover{color: ; background: ;}<\/style><div class=\"ta_left tf_btn_pos\" id=\"b_gbiw5djx65ovetsngyz4\" ><a class=\"rd_normal_bt medium_rd_bt  \" href=\"http:\/\/www.hotel-sommer.at\/felix\/vinothek\" target=\"\"   >Mehr Information<\/a><\/div>[\/vc_column][\/vc_row][vc_row][vc_column][vc_column_text]<\/p>\n<p>[\/vc_column_text][\/vc_column][\/vc_row]<\/p>\n","protected":false},"excerpt":{"rendered":"<p>[vc_row css=&#8220;.vc_custom_1542698606203{padding-top: 0px !important;}&#8220;][vc_column][vc_column_text] Die Familie Sommer hei\u00dft Sie HERZLICH WILLKOMMEN [\/vc_column_text][\/vc_column][\/vc_row][vc_row][vc_column][\/vc_column][\/vc_row][vc_row][vc_column width=&#8220;1\/3&#8243;][vc_custom_heading text=&#8220;Hotel&#8220; font_container=&#8220;tag:h2|text_align:center&#8220; use_theme_fonts=&#8220;yes&#8220; css=&#8220;.vc_custom_1543045282328{margin-bottom: 35px !important;border-bottom-width: 0px !important;}&#8220;][vc_single_image image=&#8220;646&#8243; img_size=&#8220;full&#8220; alignment=&#8220;center&#8220;][vc_column_text]Ob Urlaub oder Gesch\u00e4ftsreise, wir haben das passende Zimmer und Rahmenprogramm f\u00fcr Sie! Unser Haus liegt in unmittelbarer N\u00e4he von Wien und bietet Ihnen einen entspannenden Aufenthalt in einem unserer hochmodernen Zimmer[\/vc_column_text]Mehr<br \/><a href=\"https:\/\/www.hotel-sommer.at\/felix\/\" class=\"more\">Read more<\/a><\/p>\n","protected":false},"author":1,"featured_media":0,"parent":0,"menu_order":0,"comment_status":"closed","ping_status":"closed","template":"","meta":[],"_links":{"self":[{"href":"https:\/\/www.hotel-sommer.at\/felix\/wp-json\/wp\/v2\/pages\/638"}],"collection":[{"href":"https:\/\/www.hotel-sommer.at\/felix\/wp-json\/wp\/v2\/pages"}],"about":[{"href":"https:\/\/www.hotel-sommer.at\/felix\/wp-json\/wp\/v2\/types\/page"}],"author":[{"embeddable":true,"href":"https:\/\/www.hotel-sommer.at\/felix\/wp-json\/wp\/v2\/users\/1"}],"replies":[{"embeddable":true,"href":"https:\/\/www.hotel-sommer.at\/felix\/wp-json\/wp\/v2\/comments?post=638"}],"version-history":[{"count":10,"href":"https:\/\/www.hotel-sommer.at\/felix\/wp-json\/wp\/v2\/pages\/638\/revisions"}],"predecessor-version":[{"id":3571,"href":"https:\/\/www.hotel-sommer.at\/felix\/wp-json\/wp\/v2\/pages\/638\/revisions\/3571"}],"wp:attachment":[{"href":"https:\/\/www.hotel-sommer.at\/felix\/wp-json\/wp\/v2\/media?parent=638"}],"curies":[{"name":"wp","href":"https:\/\/api.w.org\/{rel}","templated":true}]}}